{"id":1166,"date":"2023-02-27T03:10:13","date_gmt":"2023-02-27T03:10:13","guid":{"rendered":"https:\/\/mlv2011.com\/?page_id=1166"},"modified":"2023-04-18T04:03:25","modified_gmt":"2023-04-18T04:03:25","slug":"1166-2","status":"publish","type":"page","link":"https:\/\/mlv2011.com\/?page_id=1166","title":{"rendered":"LM.PHERO TR\u1ea6N QU\u00c2N"},"content":{"rendered":"\n<body>\n     <h2 style=\"text-align: center;margin-bottom: 20px;\">CHA CH\u1ee6 T\u1ecaCH , PH\u00caR\u00d4 TR\u1ea6N QU\u00c2N<\/h3>\n                <div style=\"text-align: center; margin-bottom: 20px;\"><img decoding=\"async\"\n                        src=\"https:\/\/mlv2011.com\/wp-content\/uploads\/2023\/02\/245358992_257166129673407_6996113249875608551_n-4-1024x683.jpg\"\n                        alt=\"H\u00ecnh \u1ea3nh n\u00e0y ch\u01b0a c\u00f3 thu\u1ed9c t\u00ednh alt; t\u00ean t\u1ec7p c\u1ee7a n\u00f3 l\u00e0 245358992_257166129673407_6996113249875608551_n-4-1024x683.jpg\">\n                <\/div>\n                <div class=\"entry-content single-page\">\n\n                    <p>Cha Ph\u00ear\u00f4 Tr\u1ea7n Qu\u00e2n sinh ng\u00e0y 25 th\u00e1ng 06 n\u0103m 1987 t\u1ea1i Gi\u00e1o x\u1ee9 Tr\u1ea1i L\u00ea- Can L\u1ed9c- Gi\u00e1o ph\u1eadn H\u00e0\n                        T\u0129nh (thu\u1ed9c x\u00e3 Quang L\u1ed9c, Can L\u1ed9c, H\u00e0 T\u0129nh) trong m\u1ed9t gia \u0111\u00ecnh \u0111\u1ea1o h\u1ea1nh c\u00f3 t\u00e1m ng\u01b0\u1eddi con, ng\u00e0i\n                        l\u00e0 ng\u01b0\u1eddi con th\u1ee9 5..<\/p>\n\n\n\n                    <p>T\u1eeb thu\u1edf ni\u00ean thi\u1ebfu, c\u00f9ng v\u1edbi ni\u1ec1m \u0111am m\u00ea h\u1ecdc h\u1ecfi v\u00e0 s\u1ef1 d\u1eabn d\u1eaft c\u1ee7a cha ngh\u0129a ph\u1ee5, ng\u00e0i \u0111\u00e3 s\u1edbm r\u1eddi cha m\u1eb9 \u0111\u1ec3 \u0111i h\u1ecdc xa nh\u00e0. Ch\u00ednh kho\u1ea3ng th\u1eddi gian n\u00e0y, ch\u00fa Qu\u00e2n \u0111\u00e3 t\u1ef1 l\u1edbn l\u00ean, nu\u00f4i hy v\u1ecdng v\u00e0 \u01b0\u1edbc m\u01a1 v\u1ec1 \u01a1n g\u1ecdi Linh m\u1ee5c. Ng\u00e0i h\u1ecdc t\u1eadp t\u1ea1i ng\u00f4i tr\u01b0\u1eddng THPT Nguy\u1ec5n C\u00f4ng Tr\u1ee9 (Nghi Xu\u00e2n- H\u00e0 T\u0129nh) t\u1eeb n\u0103m 2003-2006, t\u1ea1i \u0111\u00e2y ng\u00e0i kh\u00f4ng ng\u1eebng h\u1ecdc h\u1ecfi, chuy\u00ean ch\u0103m v\u00e0 nu\u00f4i d\u01b0\u1ee1ng \u01b0\u1edbc m\u01a1 c\u1ee7a m\u00ecnh.<\/p>\n\n\n\n                    <p>N\u0103m 2007, ng\u00e0i thi \u0111\u1ed7 v\u00e0o \u0110\u1ea1i h\u1ecdc Duy T\u00e2n- \u0110\u00e0 N\u1eb5ng v\u00e0 t\u1ed1t nghi\u1ec7p c\u1eed nh\u00e2n Anh V\u0103n ng\u00e0nh Phi\u00ean- Bi\u00ean d\u1ecbch n\u0103m 2011. Trong qu\u00e1 tr\u00ecnh h\u1ecdc t\u1eadp t\u1ea1i \u0110\u00e0 N\u1eb5ng, ng\u00e0i tham gia s\u00f4i n\u1ed5i trong vai tr\u00f2 l\u00e0 sinh vi\u00ean \u1edf tr\u01b0\u1eddng h\u1ecdc c\u0169ng nh\u01b0 c\u00e1c ho\u1ea1t \u0111\u1ed9ng sinh vi\u00ean C\u00f4ng gi\u00e1o Vinh t\u1ea1i \u0110\u00e0 N\u1eb5ng. N\u0103m 2008-2009 ng\u00e0i l\u00e0 Ph\u00f3 Ban \u0111i\u1ec1u h\u00e0nh Sinh vi\u00ean Ch\u00ednh t\u00f2a, \u0110\u00e0 N\u1eb5ng v\u00e0 n\u1ed1i d\u00e0i cho h\u00e0nh tr\u00ecnh \u0111\u1ea5y, n\u0103m 2008-2011 cha \u0111\u1ea3m nh\u1eadn ch\u1ee9c v\u1ee5 l\u00e0 tr\u01b0\u1edfng Ban \u0111i\u1ec1u h\u00e0nh Sinh vi\u00ean C\u00f4ng gi\u00e1o Gi\u00e1o ph\u1eadn Vinh t\u1ea1i \u0110\u00e0 N\u1eb5ng, ng\u00e0i t\u00edch c\u1ef1c tham gia, g\u1eafn k\u1ebft v\u00e0 t\u1ea1o \u201cs\u00e2n ch\u01a1i\u201d cho c\u00e1c b\u1ea1n sinh vi\u00ean l\u00fac b\u1ea5y gi\u1edd. B\u00ean c\u1ea1nh \u0111\u00f3, ng\u00e0i \u0111\u00e3 th\u00e0nh l\u1eadp v\u00e0 l\u00e0 tr\u01b0\u1edfng Ban \u0111i\u1ec1u h\u00e0nh C\u00e2u l\u1ea1c b\u1ed9 gia s\u01b0 sinh vi\u00ean C\u00f4ng gi\u00e1o \u0110\u00e0 N\u1eb5ng, nh\u1eb1m m\u1ee5c \u0111\u00edch \u0111\u1ec3 c\u00e1c b\u1ea1n sinh vi\u00ean c\u00f3 c\u01a1 h\u1ed9i h\u1ed7 tr\u1ee3 v\u00e0 t\u1ea1o n\u00ean m\u1ed9t m\u00f4i tr\u01b0\u1eddng h\u1ecdc t\u1eadp t\u1ed1t, m\u1ed9t \u0111\u1eddi s\u1ed1ng \u0111\u1ee9c tin m\u1ea1nh m\u1ebd. <\/p>\n\n                    <p>C\u0169ng ch\u00ednh nh\u1eefng n\u0103m th\u00e1ng sinh vi\u00ean \u0111\u1ea7y tr\u1ea3i nghi\u1ec7m c\u00f9ng v\u1edbi tr\u00e1i tim c\u1ee7a nhi\u1ec7t huy\u1ebft kh\u00f4ng ng\u1eebng ngh\u1ec9 \u1ea5y, H\u1ecdc b\u1ed5ng M\u1eb9 La Vang-2011 ch\u00ednh th\u1ee9c \u0111\u01b0\u1ee3c ra \u0111\u1eddi. Quay l\u1ea1i th\u1eddi gian, v\u1ec1 v\u1edbi n\u0103m 2010, l\u00fac \u1ea5y kh\u00fac ru\u1ed9t Trung ph\u1ea3i g\u00e1nh ch\u1ecbu tr\u1eadn l\u0169 l\u1ee5t th\u1ebf k\u1ef7, g\u00e2y ra bao nhi\u00eau \u0111au th\u01b0\u01a1ng, m\u1ea5t m\u00e1t v\u00e0 kh\u00f3 kh\u0103n cho bao ng\u01b0\u1eddi. L\u00e0 ng\u01b0\u1eddi con qu\u00ea h\u01b0\u01a1ng \u0111\u1ea5t m\u1eb9 mi\u1ec1n Trung, l\u1edbn l\u00ean v\u00e0 ch\u1ee9ng ki\u1ebfn nh\u1eefng v\u1ea5t v\u1ea3 \u1ea5y, ng\u00e0i \u0111\u00e3 c\u00f9ng m\u1ea5y anh em sinh vi\u00ean th\u00e0nh l\u1eadp n\u00ean Q\u0169y H\u1ecdc b\u1ed5ng nh\u1eb1m h\u1ed7 tr\u1ee3, \u0111\u1ed9ng vi\u00ean v\u00e0 \u0111i c\u00f9ng v\u1edbi sinh vi\u00ean, \u0111\u1eb7c bi\u1ec7t l\u00e0 c\u00e1c b\u1ea1n sinh vi\u00ean Vinh \u0111\u1ec3 c\u00e1c b\u1ea1n v\u01b0\u1ee3t qua nh\u1eefng kh\u00f3 kh\u0103n t\u1eadp trung h\u1ecdc t\u1eadp t\u1ed1t.  \u0110\u01b0\u1ee3c s\u1ef1 cho ph\u00e9p v\u00e0 \u1ee7ng h\u1ed9 c\u1ee7a \u0110\u1ee9c Cha Giuse Ch\u00e2u Ng\u1ecdc Tri- Gi\u00e1m m\u1ee5c Gi\u00e1o ph\u1eadn \u0110\u00e0 N\u1eb5ng v\u00e0 Cha Ph\u00ear\u00f4 Ho\u00e0ng Gia Th\u00e0nh &#8211; Cha Linh h\u01b0\u1edbng. \u0110\u1ebfn ng\u00e0y 16-01-2011, H\u1ecdc b\u1ed5ng Ch\u1eafp C\u00e1nh \u01af\u1edbc M\u01a1 (hi\u1ec7n nay l\u00e0 H\u1ecdc b\u1ed5ng M\u1eb9 La Vang-2011) ch\u00ednh th\u1ee9c \u0111\u01b0\u1ee3c th\u00e0nh l\u1eadp.<\/p>\n\n                    <p>\u01a0n g\u1ecdi v\u00e0 ni\u1ec1m khao kh\u00e1t tr\u1edf th\u00e0nh Linh m\u1ee5c th\u00f4i th\u00fac ng\u00e0i t\u1eeb khi ng\u00e0i c\u00f2n l\u00e0 m\u1ed9t c\u1eadu thi\u1ebfu ni\u00ean v\u00e0 gi\u1edd \u0111\u00e2y, t\u1eebng b\u01b0\u1edbc t\u1eebng b\u01b0\u1edbc, c\u00f9ng v\u1edbi \u01a1n Ch\u00faa, sau khi t\u1ed1t nghi\u1ec7p \u0110\u1ea1i h\u1ecdc, ng\u00e0i \u0111\u00e3 thi \u0111\u1eadu v\u00e0 theo h\u1ecdc t\u1ea1i Ch\u1ee7ng vi\u00ean Vinh Thanh. Ng\u00e0i h\u1ecdc t\u1ea1i Ti\u1ec1n Ch\u1ee7ng Vi\u1ec7n X\u00e3 \u0110o\u00e0i, Ngh\u1ec7 An v\u00e0o kho\u1ea3ng th\u1eddi gian 2011-2013. Sau \u0111\u00f3, ng\u00e0i \u0111\u01b0\u1ee3c B\u1ec1 tr\u00ean c\u1eed \u0111i M\u1ef9 du h\u1ecdc. <\/p>\n\n\n\n                    <p>\u0110\u1ec3 chu\u1ea9n b\u1ecb cho h\u00e0nh tr\u00ecnh du h\u1ecdc, n\u0103m 2013-2014, ng\u00e0i theo h\u1ecdc TOFEL ibt t\u1ea1i S\u00e0i G\u00f2n, t\u1ea1i \u0111\u00e2y ng\u00e0i c\u00f9ng v\u1edbi linh m\u1ee5c Pet. Nguy\u1ec5n C\u00f4ng th\u00e0nh l\u1eadp English club v\u00e0 \u0111\u1ed3ng h\u00e0nh, sinh ho\u1ea1t c\u00f9ng sinh vi\u00ean Gi\u00e1o ph\u1eadn Vinh t\u1ea1i S\u00e0i G\u00f2n.<\/p>\n\n\n\n                    <p>Trong kho\u1ea3ng th\u1eddi gian 2014-2020, ng\u00e0i sang M\u1ef9 v\u00e0 ti\u1ebfp t\u1ee5c h\u00e0nh tr\u00ecnh tu h\u1ecdc c\u1ee7a m\u00ecnh t\u1ea1i \u0110\u1ea1i Ch\u1ee7ng Vi\u1ec7n Holy Apostles Collge and Seminary, Connecticut, America. Ng\u00e0y 16 th\u00e1ng 6 n\u0103m 2019,  ng\u00e0i l\u00e3nh nh\u1eadn th\u1eeba t\u00e1c v\u1ee5 Ph\u00f3 t\u1ebf t\u1ea1i Hoa K\u1ef3. Ng\u00e0i ch\u1ecbu ch\u1ee9c Linh m\u1ee5c ng\u00e0y 15 th\u00e1ng 2 n\u0103m 2020 b\u1edfi \u0110\u1ee9c Gi\u00e1m M\u1ee5c Vincent Nguy\u1ec5n M\u1ea1nh Hi\u1ebfu &#8211; Gi\u00e1m m\u1ee5c ph\u1ee5 t\u00e1 T\u1ed5ng Gi\u00e1o ph\u1eadn Toronto, Canada.<\/p>\n\n\n\n                    <p>Hi\u1ec7n nay, ng\u00e0i \u0111ang theo h\u1ecdc b\u1eadc Ti\u1ebfn s\u0129 v\u1ec1 L\u00e3nh \u0111\u1ea1o v\u00e0 Gi\u00e1o d\u1ee5c T\u1ea1i Fordham University, New York. B\u00ean c\u1ea1nh \u0111\u00f3, ng\u00e0i c\u0169ng \u0111ang theo h\u1ecdc Business Administration\/Management t\u1ea1i Harvard. <\/p>\n            \n                \n               \n<\/body>\n","protected":false},"excerpt":{"rendered":"<p>CHA CH\u1ee6 T\u1ecaCH , PH\u00caR\u00d4 TR\u1ea6N QU\u00c2N Cha Ph\u00ear\u00f4 Tr\u1ea7n Qu\u00e2n sinh ng\u00e0y 25 th\u00e1ng 06 n\u0103m 1987 t\u1ea1i Gi\u00e1o x\u1ee9 Tr\u1ea1i L\u00ea- Can L\u1ed9c- Gi\u00e1o ph\u1eadn H\u00e0 T\u0129nh (thu\u1ed9c x\u00e3 Quang L\u1ed9c, Can L\u1ed9c, H\u00e0 T\u0129nh) trong m\u1ed9t gia \u0111\u00ecnh \u0111\u1ea1o h\u1ea1nh c\u00f3 t\u00e1m ng\u01b0\u1eddi con, ng\u00e0i l\u00e0 ng\u01b0\u1eddi con th\u1ee9 5.. T\u1eeb thu\u1edf [&hellip;]<\/p>\n","protected":false},"author":2,"featured_media":0,"parent":0,"menu_order":0,"comment_status":"closed","ping_status":"closed","template":"","meta":{"footnotes":""},"_links":{"self":[{"href":"https:\/\/mlv2011.com\/index.php?rest_route=\/wp\/v2\/pages\/1166"}],"collection":[{"href":"https:\/\/mlv2011.com\/index.php?rest_route=\/wp\/v2\/pages"}],"about":[{"href":"https:\/\/mlv2011.com\/index.php?rest_route=\/wp\/v2\/types\/page"}],"author":[{"embeddable":true,"href":"https:\/\/mlv2011.com\/index.php?rest_route=\/wp\/v2\/users\/2"}],"replies":[{"embeddable":true,"href":"https:\/\/mlv2011.com\/index.php?rest_route=%2Fwp%2Fv2%2Fcomments&post=1166"}],"version-history":[{"count":10,"href":"https:\/\/mlv2011.com\/index.php?rest_route=\/wp\/v2\/pages\/1166\/revisions"}],"predecessor-version":[{"id":1203,"href":"https:\/\/mlv2011.com\/index.php?rest_route=\/wp\/v2\/pages\/1166\/revisions\/1203"}],"wp:attachment":[{"href":"https:\/\/mlv2011.com\/index.php?rest_route=%2Fwp%2Fv2%2Fmedia&parent=1166"}],"curies":[{"name":"wp","href":"https:\/\/api.w.org\/{rel}","templated":true}]}}