{"id":1205,"date":"2023-04-18T04:21:44","date_gmt":"2023-04-18T04:21:44","guid":{"rendered":"http:\/\/mlv2011.com\/?page_id=1205"},"modified":"2023-04-18T04:21:45","modified_gmt":"2023-04-18T04:21:45","slug":"thu-ky-hoang-nhi","status":"publish","type":"page","link":"https:\/\/mlv2011.com\/?page_id=1205","title":{"rendered":"TH\u01af K\u00dd. HO\u00c0NG NHI"},"content":{"rendered":"\n<body>\n      \n            <h2 style=\"text-align: center;margin-bottom: 20px;\">TH\u01af K\u00dd. HO\u00c0NG NHI<\/h3>\n                <div style=\"text-align: center; margin-bottom: 20px;\"><img decoding=\"async\"\n                        src=\"http:\/\/mlv2011.com\/wp-content\/uploads\/2023\/04\/nhi.png\"\n                        alt=\"H\u00ecnh \u1ea3nh n\u00e0y ch\u01b0a c\u00f3 thu\u1ed9c t\u00ednh alt; t\u00ean t\u1ec7p c\u1ee7a n\u00f3 l\u00e0 245358992_257166129673407_6996113249875608551_n-4-1024x683.jpg\">\n                <\/div>\n                <div class=\"entry-content single-page\">\n\n                    <p>Maria Ho\u00e0ng Nhi sinh ng\u00e0y 25\/6\/1999 t\u1ea1i gi\u00e1o x\u1ee9 K\u1ebb \u0110\u00f4ng, V\u0103n H\u1ea1nh, H\u00e0 T\u0129nh (Nam \u0110i\u1ec1n-Th\u1ea1ch H\u00e0- H\u00e0 T\u0129nh). <\/p>\n\n\n\n                    <p>N\u0103m 2019, khi \u0111ang l\u00e0 sinh vi\u00ean ch\u1ecb bi\u1ebft \u0111\u1ebfn H\u1ecdc b\u1ed5ng M\u1eb9 La Vang qua ch\u01b0\u01a1ng tr\u00ecnh H\u00e0nh trang t\u1edbi tr\u01b0\u1eddng l\u1ea7n th\u1ee9 3 C\u00f9ng v\u1edbi c\u00e1c anh ch\u1ecb TNV, ch\u1ecb \u0111\u00e3 \u0111\u01b0\u1ee3c \u0111\u1ebfn, \u1edf l\u1ea1i v\u00e0 ch\u1ea1m v\u00e0o t\u1eebng \u01b0\u1edbc m\u01a1 c\u1ee7a c\u00e1c em h\u1ecdc sinh \u1edf nh\u1eefng m\u1ea3nh \u0111\u1ea5t \u0111\u1ea7y n\u1eafng gi\u00f3 v\u00f9ng H\u01b0\u01a1ng S\u01a1n-H\u00e0 T\u0129nh. Sau chuy\u1ebfn \u0111i \u1ea5y, c\u00f9ng v\u1edbi nh\u1eefng thao th\u1ee9c v\u1ec1 gi\u00e1o d\u1ee5c ch\u1ecb \u0111\u00e3 \u0111\u1ed3ng h\u00e0nh c\u00f9ng h\u1ecdc b\u1ed5ng trong vai tr\u00f2 l\u00e0 Th\u01b0 k\u00fd Ban \u0110i\u1ec1u h\u00e0nh.<\/p>\n\n\n\n                    <p>Trong su\u1ed1t nhi\u1ec7m k\u1ef3 3 n\u0103m, ch\u1ecb \u0111\u00e3 c\u00f9ng c\u1ed9ng t\u00e1c v\u1edbi Ban Qu\u1ea3n tr\u1ecb v\u00e0 Ban \u0110i\u1ec1u h\u00e0nh \u0111\u1ec3 \u0111\u1ed3ng h\u00e0nh v\u00e0 ch\u1eafp c\u00e1nh cho nh\u1eefng \u01b0\u1edbc m\u01a1 c\u1ee7a c\u00e1c em h\u1ecdc b\u1ed5ng vi\u00ean. <\/p>\n\n                    <p>Ch\u1ecb t\u1ed1t nghi\u1ec7p c\u1eed nh\u00e2n ng\u00e0nh Ng\u00f4n ng\u1eef Anh v\u00e0o th\u00e1ng 6\/2022 v\u00e0 hi\u1ec7n ch\u1ecb \u0111ang theo h\u1ecdc ch\u01b0\u01a1ng tr\u00ecnh Th\u1ea1c s\u1ef9 ng\u00e0nh Qu\u1ea3n l\u00fd Gi\u00e1o d\u1ee5c t\u1ea1i De la Salle University, Philippines.<\/p>\n\n                    <p>Ng\u00e0y 25\/6\/2022, c\u00f9ng v\u1edbi s\u1ef1 t\u00edn nhi\u1ec7m t\u1eeb Ban C\u1ed1 v\u1ea5n, Ban Qu\u1ea3n tr\u1ecb v\u00e0 c\u00e1c b\u1ea1n TNV, ch\u1ecb \u0111\u00e3 \u0111\u01b0\u1ee3c m\u1eddi g\u1ecdi v\u00e0 \u0111\u1eb7t l\u00e0m Th\u01b0 k\u00fd Ban Qu\u1ea3n tr\u1ecb. Ch\u1ecb l\u00e0 m\u1ed9t trong b\u1ed1n th\u00e0nh vi\u00ean Ban Qu\u1ea3n tr\u1ecb t\u00ednh \u0111\u1ebfn th\u1eddi \u0111i\u1ec3m nay c\u1ee7a MLV-2011. <\/p>\n\n\n\n                    \n\n\n                    \n    <\/body>\n\n\n","protected":false},"excerpt":{"rendered":"<p>TH\u01af K\u00dd. HO\u00c0NG NHI Maria Ho\u00e0ng Nhi sinh ng\u00e0y 25\/6\/1999 t\u1ea1i gi\u00e1o x\u1ee9 K\u1ebb \u0110\u00f4ng, V\u0103n H\u1ea1nh, H\u00e0 T\u0129nh (Nam \u0110i\u1ec1n-Th\u1ea1ch H\u00e0- H\u00e0 T\u0129nh). N\u0103m 2019, khi \u0111ang l\u00e0 sinh vi\u00ean ch\u1ecb bi\u1ebft \u0111\u1ebfn H\u1ecdc b\u1ed5ng M\u1eb9 La Vang qua ch\u01b0\u01a1ng tr\u00ecnh H\u00e0nh trang t\u1edbi tr\u01b0\u1eddng l\u1ea7n th\u1ee9 3 C\u00f9ng v\u1edbi c\u00e1c anh ch\u1ecb TNV, [&hellip;]<\/p>\n","protected":false},"author":2,"featured_media":0,"parent":0,"menu_order":0,"comment_status":"closed","ping_status":"closed","template":"","meta":{"footnotes":""},"_links":{"self":[{"href":"https:\/\/mlv2011.com\/index.php?rest_route=\/wp\/v2\/pages\/1205"}],"collection":[{"href":"https:\/\/mlv2011.com\/index.php?rest_route=\/wp\/v2\/pages"}],"about":[{"href":"https:\/\/mlv2011.com\/index.php?rest_route=\/wp\/v2\/types\/page"}],"author":[{"embeddable":true,"href":"https:\/\/mlv2011.com\/index.php?rest_route=\/wp\/v2\/users\/2"}],"replies":[{"embeddable":true,"href":"https:\/\/mlv2011.com\/index.php?rest_route=%2Fwp%2Fv2%2Fcomments&post=1205"}],"version-history":[{"count":3,"href":"https:\/\/mlv2011.com\/index.php?rest_route=\/wp\/v2\/pages\/1205\/revisions"}],"predecessor-version":[{"id":1210,"href":"https:\/\/mlv2011.com\/index.php?rest_route=\/wp\/v2\/pages\/1205\/revisions\/1210"}],"wp:attachment":[{"href":"https:\/\/mlv2011.com\/index.php?rest_route=%2Fwp%2Fv2%2Fmedia&parent=1205"}],"curies":[{"name":"wp","href":"https:\/\/api.w.org\/{rel}","templated":true}]}}