{"id":598,"date":"2013-08-11T19:17:44","date_gmt":"2013-08-11T19:17:44","guid":{"rendered":"http:\/\/localhost:8888\/test\/?page_id=530"},"modified":"2020-05-14T00:23:09","modified_gmt":"2020-05-14T00:23:09","slug":"blog","status":"publish","type":"page","link":"https:\/\/mlv2011.com\/","title":{"rendered":"Blog"},"content":{"rendered":"\n[ux_image id=&#8221;682&#8243;]\n\n[section bg_color=&#8221;rgb(20, 99, 134)&#8221;]\n\n[gap height=&#8221;99px&#8221;]\n\n[row]\n\n[col span=&#8221;7&#8243; span__sm=&#8221;12&#8243;]\n\n<p><span style=\"color: #ffffff;\"><strong>H\u1eccC B\u1ed4NG M\u1eb8 LA VANG 2011<\/strong><\/span><\/p>\n<p style=\"text-align: left;\"><span style=\"color: #ffffff;\">H\u1ecdc b\u1ed5ng M\u1eb9 La Vang h\u01b0\u1edbng t\u1edbi c\u00e1c b\u1ea1n h\u1ecdc sinh- sinh vi\u00ean l\u00e0 nh\u1eefng ng\u01b0\u1eddi c\u00f3 ho\u00e0n c\u1ea3nh kh\u00f3 kh\u0103n, nh\u01b0ng lu\u00f4n n\u1ed7 l\u1ef1c kh\u00f4ng ng\u1eebng \u0111\u1ec3 tr\u1edf th\u00e0nh nh\u1eefng h\u1ecdc sinh- sinh vi\u00ean gi\u1ecfi v\u00e0 xu\u1ea5t s\u1eafc. H\u1ecdc b\u1ed5ng M\u1eb9 La Vang x\u00e9t duy\u1ec7t cho c\u00e1c em h\u1ecdc sinh c\u1ea5p 2, c\u1ea5p 3 v\u00e0 sinh vi\u00ean \u0111\u1ea1i h\u1ecdc. Ch\u1ec9 x\u00e9t duy\u1ec7t m\u1ed9t v\u00e0 trao li\u00ean t\u1ee5c cho \u0111\u1ebfn khi c\u00e1c em t\u1ed1t nghi\u1ec7p \u0110\u1ea1i h\u1ecdc&#8230;<\/p>\n[gap]\n\n[button text=&#8221;T\u00ecm hi\u1ec3u th\u00eam&#8221; color=&#8221;secondary&#8221; style=&#8221;gloss&#8221; radius=&#8221;63&#8243; depth=&#8221;3&#8243; expand=&#8221;0&#8243; link=&#8221;http:\/\/mlv2011.com\/?p=449&#8243;]\n\n\n[\/col]\n[col span=&#8221;5&#8243; span__sm=&#8221;12&#8243;]\n\n[ux_video url=&#8221;https:\/\/www.youtube.com\/watch?v=miC2iv8nWtc&#8221;]\n\n\n[\/col]\n\n[\/row]\n\n[\/section]\n[gap]\n\n[page_header text_color=&#8221;dark&#8221; align=&#8221;center&#8221; title=&#8221;BAN \u0110I\u1ec0U H\u00c0NH&#8221; bg_color=&#8221;rgb(255, 255, 255)&#8221; bg_overlay=&#8221;rgba(255, 255, 255, 0.99)&#8221;]\n\n[gap]\n\n[ux_slider]\n\n[row]\n\n[col span=&#8221;2&#8243; span__sm=&#8221;12&#8243;]\n\n\n[\/col]\n[col span=&#8221;3&#8243; span__sm=&#8221;6&#8243;]\n\n[team_member img=&#8221;462&#8243; name=&#8221;TR\u1ea6N QU\u00c2N&#8221; title=&#8221;nG\u01af\u1edcI S\u00c1NG L\u1eacP &#038; CH\u1ee6 T\u1ecaCH&#8221; depth=&#8221;3&#8243; link=&#8221;http:\/\/mlv2011.com\/?p=425&#8243; image_height=&#8221;100%&#8221; image_width=&#8221;80&#8243; image_radius=&#8221;100&#8243;]\n\n[follow facebook=&#8221;https:\/\/www.facebook.com\/tran.quan.50159836&#8243; instagram=&#8221;https:\/\/www.facebook.com\/tran.quan.50159836&#8243; email=&#8221;https:\/\/www.facebook.com\/tran.quan.50159836&#8243;]\n\n\n[\/team_member]\n\n[\/col]\n[col span=&#8221;3&#8243; span__sm=&#8221;6&#8243;]\n\n[team_member img=&#8221;443&#8243; name=&#8221;NGUY\u1ec4N C\u00d4NG&#8221; title=&#8221;PH\u00d3 CH\u1ee6 T\u1ecaCH&#8221; depth=&#8221;3&#8243; link=&#8221;http:\/\/mlv2011.com\/?p=442&#8243; image_height=&#8221;100%&#8221; image_width=&#8221;80&#8243; image_radius=&#8221;100&#8243;]\n\n[follow facebook=&#8221;https:\/\/www.facebook.com\/con.datcam&#8221; instagram=&#8221;https:\/\/www.facebook.com\/con.datcam&#8221; email=&#8221;https:\/\/www.facebook.com\/con.datcam&#8221;]\n\n\n[\/team_member]\n\n[\/col]\n[col span=&#8221;3&#8243; span__sm=&#8221;6&#8243;]\n\n[team_member img=&#8221;464&#8243; name=&#8221;TR\u1ea6N DUY\u00caN&#8221; title=&#8221;PH\u00d3 CH\u1ee6 T\u1ecaCH&#8221; depth=&#8221;3&#8243; link=&#8221;http:\/\/mlv2011.com\/?p=439&#8243; image_height=&#8221;100%&#8221; image_width=&#8221;80&#8243; image_radius=&#8221;100&#8243;]\n\n[follow facebook=&#8221;https:\/\/www.facebook.com\/profile.php?id=100034380810668&#8243; instagram=&#8221;https:\/\/www.facebook.com\/profile.php?id=100034380810668&#8243; email=&#8221;https:\/\/www.facebook.com\/profile.php?id=100034380810668&#8243;]\n\n\n[\/team_member]\n\n[\/col]\n\n[\/row]\n[row]\n\n[col span=&#8221;2&#8243; span__sm=&#8221;12&#8243;]\n\n[gap]\n\n\n[\/col]\n[col span=&#8221;3&#8243; span__sm=&#8221;12&#8243;]\n\n[team_member img=&#8221;731&#8243; name=&#8221;PH\u1ea0M THANH&#8221; title=&#8221;BAN C\u1ed0 V\u1ea4N&#8221; depth=&#8221;3&#8243; image_height=&#8221;100%&#8221; image_width=&#8221;80&#8243; image_radius=&#8221;100&#8243;]\n\n[follow facebook=&#8221;https:\/\/www.facebook.com\/profile.php?id=8370782&#8243; instagram=&#8221;https:\/\/www.facebook.com\/profile.php?id=8370782&#8243; email=&#8221;https:\/\/www.facebook.com\/profile.php?id=8370782&#8243;]\n\n\n[\/team_member]\n\n[\/col]\n[col span=&#8221;3&#8243; span__sm=&#8221;12&#8243;]\n\n[team_member img=&#8221;436&#8243; name=&#8221;REV. H\u00d9NG C\u01af\u1edcNG&#8221; title=&#8221;TR\u01af\u1edeNG BAN C\u1ed0 V\u1ea4N&#8221; depth=&#8221;3&#8243; link=&#8221;http:\/\/mlv2011.com\/?p=435&#8243; image_height=&#8221;100%&#8221; image_width=&#8221;80&#8243; image_radius=&#8221;100&#8243;]\n\n[follow facebook=&#8221;https:\/\/www.facebook.com\/profile.php?id=100005605929044&#8243; instagram=&#8221;https:\/\/www.facebook.com\/profile.php?id=100005605929044&#8243; email=&#8221;https:\/\/www.facebook.com\/profile.php?id=100005605929044&#8243;]\n\n\n[\/team_member]\n\n[\/col]\n[col span=&#8221;3&#8243; span__sm=&#8221;12&#8243;]\n\n[team_member img=&#8221;733&#8243; name=&#8221;B\u00d9I H\u1eacU&#8221; title=&#8221;BAN C\u1ed0 V\u1ea4N&#8221; depth=&#8221;3&#8243; image_height=&#8221;100%&#8221; image_width=&#8221;80&#8243; image_radius=&#8221;100&#8243;]\n\n[follow facebook=&#8221;X&#8221; instagram=&#8221;X&#8221; email=&#8221;X&#8221;]\n\n\n[\/team_member]\n\n[\/col]\n\n[\/row]\n\n[\/ux_slider]\n[gap height=&#8221;56px&#8221;]\n\n[ux_image id=&#8221;744&#8243;]\n\n[page_header height=&#8221;0px&#8221; align=&#8221;center&#8221; title=&#8221;NH\u00d3M C\u1ed8NG T\u00c1C VI\u00caN&#8221; nav_style=&#8221;simple&#8221; bg_overlay=&#8221;rgb(255, 255, 255)&#8221;]\n\n[section bg_color=&#8221;rgb(20, 99, 134)&#8221;]\n\n[ux_slider]\n\n[row]\n\n[col span=&#8221;3&#8243; span__sm=&#8221;6&#8243;]\n\n[team_member img=&#8221;719&#8243; name=&#8221;NGUY\u1ec4N V\u0102N NG\u1eccC&#8221; title=&#8221;Tr\u01b0\u1edfng nh\u00f3m c\u1ed9ng t\u00e1c vi\u00ean&#8221; depth=&#8221;3&#8243; icon_style=&#8221;fill&#8221; link=&#8221;http:\/\/mlv2011.com\/?p=755&#8243; image_height=&#8221;100%&#8221; image_width=&#8221;80&#8243; image_radius=&#8221;100&#8243; text_bg=&#8221;rgba(255, 255, 255, 0)&#8221; text_color=&#8221;dark&#8221;]\n\n[follow facebook=&#8221;https:\/\/www.facebook.com\/ngoc.antoine.7&#8243; instagram=&#8221;https:\/\/www.facebook.com\/ngoc.antoine.7&#8243; email=&#8221;https:\/\/www.facebook.com\/ngoc.antoine.7&#8243;]\n\n\n[\/team_member]\n\n[\/col]\n[col span=&#8221;3&#8243; span__sm=&#8221;6&#8243;]\n\n[team_member img=&#8221;720&#8243; name=&#8221;L\u00ca \u0110\u1ee8C TU\u00c2N&#8221; title=&#8221;PH\u00d3 BAN&#8221; depth=&#8221;3&#8243; link=&#8221;http:\/\/mlv2011.com\/?p=758&#8243; image_height=&#8221;100%&#8221; image_width=&#8221;80&#8243; image_radius=&#8221;100&#8243; text_color=&#8221;dark&#8221;]\n\n[follow facebook=&#8221;https:\/\/www.facebook.com\/tamthuong001&#8243; instagram=&#8221;https:\/\/www.facebook.com\/tamthuong001&#8243; email=&#8221;https:\/\/www.facebook.com\/tamthuong001&#8243;]\n\n\n[\/team_member]\n\n[\/col]\n[col span=&#8221;3&#8243; span__sm=&#8221;6&#8243;]\n\n[team_member img=&#8221;721&#8243; name=&#8221;NGUY\u1ec4N TH\u1eca H\u1ea0NH&#8221; title=&#8221;TH\u1ee6 QU\u1ef8&#8221; depth=&#8221;3&#8243; link=&#8221;http:\/\/mlv2011.com\/?p=772&#8243; image_height=&#8221;100%&#8221; image_width=&#8221;80&#8243; image_radius=&#8221;100&#8243; text_color=&#8221;dark&#8221;]\n\n[follow facebook=&#8221;https:\/\/www.facebook.com\/profile.php?id=100009211284259&#8243; instagram=&#8221;https:\/\/www.facebook.com\/profile.php?id=100009211284259&#8243; email=&#8221;https:\/\/www.facebook.com\/profile.php?id=100009211284259&#8243;]\n\n\n[\/team_member]\n\n[\/col]\n[col span=&#8221;3&#8243; span__sm=&#8221;6&#8243;]\n\n[team_member img=&#8221;723&#8243; name=&#8221;Ho\u00e0ng Th\u1ecb nhi&#8221; title=&#8221;th\u01b0 k\u00fd&#8221; depth=&#8221;3&#8243; link=&#8221;http:\/\/mlv2011.com\/?p=776&#8243; image_height=&#8221;100%&#8221; image_width=&#8221;80&#8243; image_radius=&#8221;100&#8243; text_color=&#8221;dark&#8221;]\n\n[follow facebook=&#8221;https:\/\/www.facebook.com\/nhihoang99ht&#8221; instagram=&#8221;https:\/\/www.facebook.com\/nhihoang99ht&#8221; email=&#8221;https:\/\/www.facebook.com\/nhihoang99ht&#8221;]\n\n\n[\/team_member]\n\n[\/col]\n\n[\/row]\n[row]\n\n[col span=&#8221;2&#8243; span__sm=&#8221;12&#8243;]\n\n[gap]\n\n\n[\/col]\n[col span=&#8221;3&#8243; span__sm=&#8221;12&#8243;]\n\n[team_member img=&#8221;475&#8243; name=&#8221;V\u00d5 QU\u1ed0C V\u01af\u01a0NG&#8221; title=&#8221;TR\u01af\u1edeNG BAN C\u00d4NG NGH\u1ec6&#8221; depth=&#8221;3&#8243; link=&#8221;http:\/\/mlv2011.com\/?p=473&#8243; image_height=&#8221;100%&#8221; image_width=&#8221;80&#8243; image_radius=&#8221;100&#8243; text_color=&#8221;dark&#8221;]\n\n[follow facebook=&#8221;https:\/\/www.facebook.com\/VuongTeo.PK&#8221; instagram=&#8221;https:\/\/www.facebook.com\/VuongTeo.PK&#8221; email=&#8221;https:\/\/www.facebook.com\/VuongTeo.PK&#8221;]\n\n\n[\/team_member]\n\n[\/col]\n[col span=&#8221;3&#8243; span__sm=&#8221;12&#8243;]\n\n[team_member img=&#8221;724&#8243; name=&#8221;NGUY\u1ec4N TH\u1eca OANH&#8221; title=&#8221;BAN BI\u00caN T\u1eacP&#8221; depth=&#8221;3&#8243; depth_hover=&#8221;1&#8243; link=&#8221;http:\/\/mlv2011.com\/?p=752&#8243; image_height=&#8221;100%&#8221; image_width=&#8221;80&#8243; image_radius=&#8221;100&#8243; text_color=&#8221;dark&#8221;]\n\n[follow facebook=&#8221;https:\/\/www.facebook.com\/nguyen.napi.1291&#8243; instagram=&#8221;https:\/\/www.facebook.com\/nguyen.napi.1291&#8243; email=&#8221;https:\/\/www.facebook.com\/nguyen.napi.1291&#8243;]\n\n\n[\/team_member]\n\n[\/col]\n[col span=&#8221;3&#8243; span__sm=&#8221;12&#8243;]\n\n[team_member img=&#8221;725&#8243; name=&#8221;NGUY\u1ec4N TH\u1eca THU&#8221; title=&#8221;\u0110I\u1ec0U PH\u1ed0I VI\u00caN&#8221; depth=&#8221;3&#8243; image_height=&#8221;100%&#8221; image_width=&#8221;80&#8243; image_radius=&#8221;100&#8243; text_color=&#8221;dark&#8221;]\n\n[follow facebook=&#8221;https:\/\/www.facebook.com\/marie.nguyen.12935756?eid=ARByAutVZGnJxEiWzdKx96W_k1Gqu5tW0Mq4RtaOAQU1ej0cdvFZlaS-dm3vpw-LUlFCY-asl0ROqvvh&#8221; instagram=&#8221;https:\/\/www.facebook.com\/marie.nguyen.12935756?eid=ARByAutVZGnJxEiWzdKx96W_k1Gqu5tW0Mq4RtaOAQU1ej0cdvFZlaS-dm3vpw-LUlFCY-asl0ROqvvh&#8221; email=&#8221;https:\/\/www.facebook.com\/marie.nguyen.12935756?eid=ARByAutVZGnJxEiWzdKx96W_k1Gqu5tW0Mq4RtaOAQU1ej0cdvFZlaS-dm3vpw-LUlFCY-asl0ROqvvh&#8221;]\n\n\n[\/team_member]\n\n[\/col]\n\n[\/row]\n\n[\/ux_slider]\n\n[\/section]\n[page_header height=&#8221;0px&#8221; margin=&#8221;19px&#8221; style=&#8221;simple&#8221; align=&#8221;center&#8221; depth=&#8221;1&#8243; title=&#8221;B\u00c0I VI\u1ebeT M\u1edaI&#8221; title_size=&#8221;small&#8221; bg_color=&#8221;rgba(183, 16, 16, 0)&#8221; bg_overlay=&#8221;rgb(255, 186, 69)&#8221;]\n\n[gap]\n\n[blog_posts style=&#8221;normal&#8221; columns=&#8221;5&#8243; columns__md=&#8221;1&#8243; slider_nav_style=&#8221;circle&#8221; slider_nav_color=&#8221;light&#8221; posts=&#8221;20&#8243; excerpt_length=&#8221;8&#8243;]\n\n[title text=&#8221;Video N\u1ed4I B\u1eacT&#8221; color=&#8221;rgb(0, 0, 0)&#8221;]\n\n[section bg_color=&#8221;rgb(10, 91, 129)&#8221;]\n\n[row]\n\n[col span=&#8221;5&#8243; span__sm=&#8221;12&#8243;]\n\n<p><span style=\"color: #ffffff;\">H\u1ecdc B\u1ed5ng M\u1eb9 La Vang c\u1ea3m \u01a1n cha c\u1ed1 v\u1ea5n Ph\u00ea-r\u00f4 \u0111\u00e3 lu\u00f4n \u0111\u1ed3ng h\u00e0nh v\u00e0 h\u01b0\u1edbng d\u1eabn ch\u00fang con. Ch\u00fang con t\u1ea1 \u01a1n Ch\u00faa \u0111\u00e3 g\u00ec gi\u1eef v\u00e0 n\u00e2ng \u0111\u1ee1 cha qua nh\u1eefng bi\u1ebfn c\u1ed1 kh\u00f3 kh\u0103n trong cu\u1ed9c \u0111\u1eddi. Nguy\u1ec7n xin Thi\u00ean Ch\u00faa qua l\u1eddi chuy\u1ec3n c\u1ea7u c\u1ee7a \u0110\u1ee9c M\u1eb9 La Vang ban cho cha s\u1ee9c kh\u1ecfe v\u00e0 b\u00ecnh an.<\/span><\/p>\n<p>\u00a0<\/p>\n\n[\/col]\n[col span=&#8221;1&#8243; span__sm=&#8221;12&#8243;]\n\n\n[\/col]\n[col span=&#8221;6&#8243; span__sm=&#8221;12&#8243;]\n\n[ux_video url=&#8221;https:\/\/www.youtube.com\/watch?v=lcBtS_eKEe4&#038;feature=youtu.be&#8221;]\n\n\n[\/col]\n\n[\/row]\n\n[\/section]\n[divider width=&#8221;129px&#8221; height=&#8221;8px&#8221; margin=&#8221;-0.6em&#8221;]\n\n[page_header title=&#8221;CHUY\u00caN M\u1ee4C&#8221;]\n\n[gap]\n\n[row]\n\n[col span=&#8221;5&#8243; span__sm=&#8221;12&#8243; bg_color=&#8221;rgb(122, 156, 89)&#8221;]\n\n[ux_banner height=&#8221;500px&#8221; bg=&#8221;810&#8243; effect=&#8221;snow&#8221;]\n\n[text_box position_x=&#8221;50&#8243; position_y=&#8221;60&#8243;]\n\n[button text=&#8221;CH\u1ea0M V\u00c0 C\u1ea2M NH\u1eacN&#8221; style=&#8221;gloss&#8221; animate=&#8221;fadeInRight&#8221; link=&#8221;http:\/\/mlv2011.com\/?cat=4&#8243;]\n\n\n[\/text_box]\n\n[\/ux_banner]\n\n[\/col]\n[col span=&#8221;3&#8243; span__sm=&#8221;12&#8243;]\n\n[ux_banner height=&#8221;500px&#8221;]\n\n[text_box width=&#8221;100&#8243; position_x=&#8221;50&#8243; position_y=&#8221;50&#8243;]\n\n[ux_image id=&#8221;495&#8243;]\n\n[gap]\n\n[button text=&#8221;CHI TI\u1ebeT&#8221; color=&#8221;secondary&#8221; size=&#8221;xlarge&#8221; link=&#8221;http:\/\/mlv2011.com\/?cat=27&#8243;]\n\n\n[\/text_box]\n\n[\/ux_banner]\n\n[\/col]\n[col span=&#8221;4&#8243; span__sm=&#8221;12&#8243;]\n\n[ux_banner height=&#8221;500px&#8221; bg=&#8221;808&#8243; link=&#8221;http:\/\/mlv2011.com\/?cat=8&#8243;]\n\n\n[\/ux_banner]\n\n[\/col]\n\n[\/row]\n[ux_banner height=&#8221;500px&#8221;]\n\n[text_box position_x=&#8221;50&#8243; position_y=&#8221;50&#8243;]\n\n[ux_image id=&#8221;467&#8243; width=&#8221;32&#8243;]\n\n<h3 class=\"uppercase\" style=\"text-align: center;\"><b>h\u1ecdc b\u1ed5ng m\u1eb9 la vang 2011<\/b><\/h3>\n<p>GI\u00c1O D\u1ee4C V\u00c0 T\u01af\u01a0NG LAI<\/p>\n[follow scale=&#8221;127&#8243; facebook=&#8221;https:\/\/www.facebook.com\/vang.la.1420&#8243; instagram=&#8221;https:\/\/www.facebook.com\/H%E1%BB%8Dc-B%E1%BB%95ng-M%E1%BA%B9-La-Vang-2011-103990401223837\/&#8221; email=&#8221;https:\/\/www.facebook.com\/H%E1%BB%8Dc-B%E1%BB%95ng-M%E1%BA%B9-La-Vang-2011-103990401223837\/&#8221;]\n\n\n[\/text_box]\n\n[\/ux_banner]\n[ux_portfolio]\n\n\n","protected":false},"excerpt":{"rendered":"<p>[ux_image id=&#8221;682&#8243;] [section bg_color=&#8221;rgb(20, 99, 134)&#8221;] [gap height=&#8221;99px&#8221;] [row] [col span=&#8221;7&#8243; span__sm=&#8221;12&#8243;] H\u1eccC B\u1ed4NG M\u1eb8 LA VANG 2011 H\u1ecdc b\u1ed5ng M\u1eb9 La Vang h\u01b0\u1edbng t\u1edbi c\u00e1c b\u1ea1n h\u1ecdc sinh- sinh vi\u00ean l\u00e0 nh\u1eefng ng\u01b0\u1eddi c\u00f3 ho\u00e0n c\u1ea3nh kh\u00f3 kh\u0103n, nh\u01b0ng lu\u00f4n n\u1ed7 l\u1ef1c kh\u00f4ng ng\u1eebng \u0111\u1ec3 tr\u1edf th\u00e0nh nh\u1eefng h\u1ecdc sinh- sinh vi\u00ean gi\u1ecfi v\u00e0 [&hellip;]<\/p>\n","protected":false},"author":1,"featured_media":0,"parent":0,"menu_order":0,"comment_status":"closed","ping_status":"closed","template":"page-blank.php","meta":{"footnotes":""},"_links":{"self":[{"href":"https:\/\/mlv2011.com\/index.php?rest_route=\/wp\/v2\/pages\/598"}],"collection":[{"href":"https:\/\/mlv2011.com\/index.php?rest_route=\/wp\/v2\/pages"}],"about":[{"href":"https:\/\/mlv2011.com\/index.php?rest_route=\/wp\/v2\/types\/page"}],"author":[{"embeddable":true,"href":"https:\/\/mlv2011.com\/index.php?rest_route=\/wp\/v2\/users\/1"}],"replies":[{"embeddable":true,"href":"https:\/\/mlv2011.com\/index.php?rest_route=%2Fwp%2Fv2%2Fcomments&post=598"}],"version-history":[{"count":59,"href":"https:\/\/mlv2011.com\/index.php?rest_route=\/wp\/v2\/pages\/598\/revisions"}],"predecessor-version":[{"id":1559,"href":"https:\/\/mlv2011.com\/index.php?rest_route=\/wp\/v2\/pages\/598\/revisions\/1559"}],"wp:attachment":[{"href":"https:\/\/mlv2011.com\/index.php?rest_route=%2Fwp%2Fv2%2Fmedia&parent=598"}],"curies":[{"name":"wp","href":"https:\/\/api.w.org\/{rel}","templated":true}]}}